{"id":1878,"date":"2020-06-11T10:16:25","date_gmt":"2020-06-11T08:16:25","guid":{"rendered":"https:\/\/ampmshop.dk\/?page_id=1878"},"modified":"2025-05-15T21:35:37","modified_gmt":"2025-05-15T19:35:37","slug":"terms-conditions","status":"publish","type":"page","link":"https:\/\/ampmshop.dk\/en\/terms-conditions\/","title":{"rendered":"Terms &amp; Conditions"},"content":{"rendered":"\t\t<div data-elementor-type=\"wp-page\" data-elementor-id=\"1878\" class=\"elementor elementor-1878 elementor-12\" wpc-filter-elementor-widget=\"1\" data-elementor-post-type=\"page\">\n\t\t\t\t<div class=\"elementor-element elementor-element-d6f9333 e-flex e-con-boxed e-con e-parent\" data-id=\"d6f9333\" data-element_type=\"container\" data-e-type=\"container\">\n\t\t\t\t\t<div class=\"e-con-inner\">\n\t\t\t\t<div class=\"elementor-element elementor-element-3bb4b05 elementor-widget elementor-widget-heading\" data-id=\"3bb4b05\" data-element_type=\"widget\" data-e-type=\"widget\" data-widget_type=\"heading.default\">\n\t\t\t\t<div class=\"elementor-widget-container\">\n\t\t\t\t\t<h1 class=\"elementor-heading-title elementor-size-default\">Handelsbetingelser<\/h1>\t\t\t\t<\/div>\n\t\t\t\t<\/div>\n\t\t\t\t\t<\/div>\n\t\t\t\t<\/div>\n\t\t<div class=\"elementor-element elementor-element-f2c206f e-flex e-con-boxed e-con e-parent\" data-id=\"f2c206f\" data-element_type=\"container\" data-e-type=\"container\">\n\t\t\t\t\t<div class=\"e-con-inner\">\n\t\t<div class=\"elementor-element elementor-element-e869195 e-con-full e-flex e-con e-child\" data-id=\"e869195\" data-element_type=\"container\" data-e-type=\"container\">\n\t\t\t\t<div class=\"elementor-element elementor-element-3e4a0e4 elementor-widget elementor-widget-heading\" data-id=\"3e4a0e4\" data-element_type=\"widget\" data-e-type=\"widget\" data-widget_type=\"heading.default\">\n\t\t\t\t<div class=\"elementor-widget-container\">\n\t\t\t\t\t<h3 class=\"elementor-heading-title elementor-size-default\">1. Priser<\/h3>\t\t\t\t<\/div>\n\t\t\t\t<\/div>\n\t\t\t\t<div class=\"elementor-element elementor-element-115fcb8 elementor-widget elementor-widget-text-editor\" data-id=\"115fcb8\" data-element_type=\"widget\" data-e-type=\"widget\" data-widget_type=\"text-editor.default\">\n\t\t\t\t<div class=\"elementor-widget-container\">\n\t\t\t\t\t\t\t\t\t<p>Alle priser er i danske kroner (DKK) inklusiv 25% moms.<\/p>\t\t\t\t\t\t\t\t<\/div>\n\t\t\t\t<\/div>\n\t\t\t\t<\/div>\n\t\t<div class=\"elementor-element elementor-element-0409925 e-con-full e-flex e-con e-child\" data-id=\"0409925\" data-element_type=\"container\" data-e-type=\"container\">\n\t\t\t\t<\/div>\n\t\t\t\t\t<\/div>\n\t\t\t\t<\/div>\n\t\t<div class=\"elementor-element elementor-element-0f78c02 e-flex e-con-boxed e-con e-parent\" data-id=\"0f78c02\" data-element_type=\"container\" data-e-type=\"container\">\n\t\t\t\t\t<div class=\"e-con-inner\">\n\t\t<div class=\"elementor-element elementor-element-eeab23f e-con-full e-flex e-con e-child\" data-id=\"eeab23f\" data-element_type=\"container\" data-e-type=\"container\">\n\t\t\t\t<div class=\"elementor-element elementor-element-b16782a elementor-widget elementor-widget-heading\" data-id=\"b16782a\" data-element_type=\"widget\" data-e-type=\"widget\" data-widget_type=\"heading.default\">\n\t\t\t\t<div class=\"elementor-widget-container\">\n\t\t\t\t\t<h3 class=\"elementor-heading-title elementor-size-default\">2. Betaling<\/h3>\t\t\t\t<\/div>\n\t\t\t\t<\/div>\n\t\t\t\t<div class=\"elementor-element elementor-element-c897eb2 elementor-widget elementor-widget-text-editor\" data-id=\"c897eb2\" data-element_type=\"widget\" data-e-type=\"widget\" data-widget_type=\"text-editor.default\">\n\t\t\t\t<div class=\"elementor-widget-container\">\n\t\t\t\t\t\t\t\t\t<p>Bel\u00f8bet bliver trukket fra din konto f\u00f8r afsendelse af din ordre.&nbsp;F\u00f8lgende betalingsformer kan anvendes:<\/p>\n<ul>\n<li>Dankort<\/li>\n<li>Visa\/Dankort<\/li>\n<li>Visa og Visa Electron<\/li>\n<li>MasterCard<\/li>\n<li>Maestro<\/li>\n<\/ul><div><br><\/div>\n<p><img decoding=\"async\" class=\"alignnone wp-image-1746 size-full\" src=\"https:\/\/ampmshop.dk\/wp-content\/uploads\/2020\/05\/ePay-logo.png\" alt=\"\" width=\"215\" height=\"27\"><\/p>\n<p>Kontakt venligst info@ampmshop.dk for elektronisk faktura.<\/p>\t\t\t\t\t\t\t\t<\/div>\n\t\t\t\t<\/div>\n\t\t\t\t<\/div>\n\t\t<div class=\"elementor-element elementor-element-df7d4d4 e-con-full e-flex e-con e-child\" data-id=\"df7d4d4\" data-element_type=\"container\" data-e-type=\"container\">\n\t\t\t\t<\/div>\n\t\t\t\t\t<\/div>\n\t\t\t\t<\/div>\n\t\t<div class=\"elementor-element elementor-element-ba0c6b1 e-flex e-con-boxed e-con e-parent\" data-id=\"ba0c6b1\" data-element_type=\"container\" data-e-type=\"container\">\n\t\t\t\t\t<div class=\"e-con-inner\">\n\t\t<div class=\"elementor-element elementor-element-43cf222 e-con-full e-flex e-con e-child\" data-id=\"43cf222\" data-element_type=\"container\" data-e-type=\"container\">\n\t\t\t\t<div class=\"elementor-element elementor-element-dbf97e4 elementor-widget elementor-widget-heading\" data-id=\"dbf97e4\" data-element_type=\"widget\" data-e-type=\"widget\" data-widget_type=\"heading.default\">\n\t\t\t\t<div class=\"elementor-widget-container\">\n\t\t\t\t\t<h3 class=\"elementor-heading-title elementor-size-default\">3. Reklamation<\/h3>\t\t\t\t<\/div>\n\t\t\t\t<\/div>\n\t\t\t\t<div class=\"elementor-element elementor-element-28c3176 elementor-widget elementor-widget-text-editor\" data-id=\"28c3176\" data-element_type=\"widget\" data-e-type=\"widget\" data-widget_type=\"text-editor.default\">\n\t\t\t\t<div class=\"elementor-widget-container\">\n\t\t\t\t\t\t\t\t\t<p>Kontakt venligst am.pm. umiddelbart efter modtagelsen, hvis produktet er beskadiget, har fejl eller mangler. Tag venligst billeder af produktet og send en mail til\u00a0<a href=\"mailto:orders@ampmshop.dk\">orders@ampmshop.dk<\/a>.<\/p><p>Dit k\u00f8b er omfattet af k\u00f8bsloven. Som forbruger har du 2 \u00e5rs garanti, hvilket betyder du enten kan f\u00e5 et nyt produkt, f\u00e5 pengene retur, eller f\u00e5 en reduktion i prisen \u2013 afh\u00e6ngigt af den konkrete situation. Du kan reklamere inden for rimelig tid efter fejlen er opdaget. Reklamation inden for to m\u00e5neder anses for rimelig tid. Vi refunderer, inden for rimelighedens gr\u00e6nser, de fragtomkostninger der m\u00e5tte have fundet sted i forbindelse med produktet returnering, s\u00e5fremt reklamationen er korrekt.<\/p><p>I tilf\u00e6lde af skader, bedes produktet returneres til vores lager:<\/p><p>Handikuvertering A\/S<br \/>Walgerholm 16-18<br \/>3500 V\u00e6rl\u00f8se<br \/>Att: am.pm.<\/p><p>Vi modtager hverken pakker uden omdeling eller pakker sendt pr. efterkrav.<\/p>\t\t\t\t\t\t\t\t<\/div>\n\t\t\t\t<\/div>\n\t\t\t\t<\/div>\n\t\t<div class=\"elementor-element elementor-element-df80525 e-con-full e-flex e-con e-child\" data-id=\"df80525\" data-element_type=\"container\" data-e-type=\"container\">\n\t\t\t\t<\/div>\n\t\t\t\t\t<\/div>\n\t\t\t\t<\/div>\n\t\t<div class=\"elementor-element elementor-element-d0121b6 e-flex e-con-boxed e-con e-parent\" data-id=\"d0121b6\" data-element_type=\"container\" data-e-type=\"container\">\n\t\t\t\t\t<div class=\"e-con-inner\">\n\t\t<div class=\"elementor-element elementor-element-644e6e1 e-con-full e-flex e-con e-child\" data-id=\"644e6e1\" data-element_type=\"container\" data-e-type=\"container\">\n\t\t\t\t<div class=\"elementor-element elementor-element-2a9ac93 elementor-widget elementor-widget-heading\" data-id=\"2a9ac93\" data-element_type=\"widget\" data-e-type=\"widget\" data-widget_type=\"heading.default\">\n\t\t\t\t<div class=\"elementor-widget-container\">\n\t\t\t\t\t<h3 class=\"elementor-heading-title elementor-size-default\">4. Fortrydelse af k\u00f8b<\/h3>\t\t\t\t<\/div>\n\t\t\t\t<\/div>\n\t\t\t\t<div class=\"elementor-element elementor-element-9110b5b elementor-widget elementor-widget-text-editor\" data-id=\"9110b5b\" data-element_type=\"widget\" data-e-type=\"widget\" data-widget_type=\"text-editor.default\">\n\t\t\t\t<div class=\"elementor-widget-container\">\n\t\t\t\t\t\t\t\t\t<p>Tilfredshedsgaranti hos am.pm.<\/p><p>Vi \u00f8nsker, at alle vores kunder skal v\u00e6re tilfredse med vores produkter. S\u00e5 hvis du har besluttet dig for, at vores produkter ikke er noget for dig, s\u00e5 refunderer vi det fulde bel\u00f8b p\u00e5 din f\u00f8rste ordre \u2013 ekskl. fragt omkostninger. Du kan max modtage 500,00 kr. i refundering.<\/p><p>Kontakt os venligst p\u00e5\u00a0<a class=\"ProsemirrorEditor-link\" href=\"mailto:orders@ampmshop.dk\">orders@ampmshop.dk<\/a>\u00a0indenfor 14 dage efter k\u00f8bet. Angiv venligst fakturanummer n\u00e5r du kontakter os. Du er ansvarlig for at produkterne bliver returneret via fragtmand til am.pm. Det er ikke muligt at returnere produkterne personligt.<\/p><p>Vi tilbageholder tilbagebetalingen, indtil vi har modtaget varen retur p\u00e5 vores lager og standen af varen er godkendt.<\/p><p>Vi gennemf\u00f8rer en s\u00e5dan tilbagebetaling med samme betalingsmiddel, som du benyttede ved dit k\u00f8b, medmindre du udtrykkeligt har efterspurgt andet.<\/p><p>Handikuvertering A\/S<br \/>Walgerholm 16-18<br \/>3500 V\u00e6rl\u00f8se<br \/>Att: am.pm.<\/p><p>Vi modtager hverken pakker uden omdeling eller pakker sendt pr. efterkrav.<\/p>\t\t\t\t\t\t\t\t<\/div>\n\t\t\t\t<\/div>\n\t\t\t\t<\/div>\n\t\t<div class=\"elementor-element elementor-element-fd257c8 e-con-full e-flex e-con e-child\" data-id=\"fd257c8\" data-element_type=\"container\" data-e-type=\"container\">\n\t\t\t\t<\/div>\n\t\t\t\t\t<\/div>\n\t\t\t\t<\/div>\n\t\t<div class=\"elementor-element elementor-element-44f46ae e-flex e-con-boxed e-con e-parent\" data-id=\"44f46ae\" data-element_type=\"container\" data-e-type=\"container\">\n\t\t\t\t\t<div class=\"e-con-inner\">\n\t\t<div class=\"elementor-element elementor-element-698b9fc e-con-full e-flex e-con e-child\" data-id=\"698b9fc\" data-element_type=\"container\" data-e-type=\"container\">\n\t\t\t\t<div class=\"elementor-element elementor-element-4c658cc elementor-widget elementor-widget-heading\" data-id=\"4c658cc\" data-element_type=\"widget\" data-e-type=\"widget\" data-widget_type=\"heading.default\">\n\t\t\t\t<div class=\"elementor-widget-container\">\n\t\t\t\t\t<h3 class=\"elementor-heading-title elementor-size-default\">5. Uafhentede produkter<\/h3>\t\t\t\t<\/div>\n\t\t\t\t<\/div>\n\t\t\t\t<div class=\"elementor-element elementor-element-2792ea0 elementor-widget elementor-widget-text-editor\" data-id=\"2792ea0\" data-element_type=\"widget\" data-e-type=\"widget\" data-widget_type=\"text-editor.default\">\n\t\t\t\t<div class=\"elementor-widget-container\">\n\t\t\t\t\t\t\t\t\t<p>Hvis du ikke afhenter din forsendelse i din valgte pakkeshop og produkterne bliver returneret til am.pm. \u2013 p\u00e5l\u00e6gges et gebyr p\u00e5 100,00 kr. ved genforsendelse.<\/p><p>Gebyret betales via MobilePay p\u00e5 443861 og s\u00e5 snart vi har registreret bel\u00f8bet, sender vi ordren afsted til dig igen.<\/p>\t\t\t\t\t\t\t\t<\/div>\n\t\t\t\t<\/div>\n\t\t\t\t<\/div>\n\t\t<div class=\"elementor-element elementor-element-9690c7f e-con-full e-flex e-con e-child\" data-id=\"9690c7f\" data-element_type=\"container\" data-e-type=\"container\">\n\t\t\t\t<\/div>\n\t\t\t\t\t<\/div>\n\t\t\t\t<\/div>\n\t\t<div class=\"elementor-element elementor-element-7e7c0f8 e-flex e-con-boxed e-con e-parent\" data-id=\"7e7c0f8\" data-element_type=\"container\" data-e-type=\"container\">\n\t\t\t\t\t<div class=\"e-con-inner\">\n\t\t<div class=\"elementor-element elementor-element-a22ffe8 e-con-full e-flex e-con e-child\" data-id=\"a22ffe8\" data-element_type=\"container\" data-e-type=\"container\">\n\t\t\t\t<div class=\"elementor-element elementor-element-a041eef elementor-widget elementor-widget-heading\" data-id=\"a041eef\" data-element_type=\"widget\" data-e-type=\"widget\" data-widget_type=\"heading.default\">\n\t\t\t\t<div class=\"elementor-widget-container\">\n\t\t\t\t\t<h3 class=\"elementor-heading-title elementor-size-default\">Kontakt<\/h3>\t\t\t\t<\/div>\n\t\t\t\t<\/div>\n\t\t\t\t<div class=\"elementor-element elementor-element-e3110dc elementor-icon-list--layout-traditional elementor-list-item-link-full_width elementor-widget elementor-widget-icon-list\" data-id=\"e3110dc\" data-element_type=\"widget\" data-e-type=\"widget\" data-widget_type=\"icon-list.default\">\n\t\t\t\t<div class=\"elementor-widget-container\">\n\t\t\t\t\t\t\t<ul class=\"elementor-icon-list-items\">\n\t\t\t\t\t\t\t<li class=\"elementor-icon-list-item\">\n\t\t\t\t\t\t\t\t\t\t<span class=\"elementor-icon-list-text\">Twenty Seven Four Exclusive ApS<\/span>\n\t\t\t\t\t\t\t\t\t<\/li>\n\t\t\t\t\t\t\t\t<li class=\"elementor-icon-list-item\">\n\t\t\t\t\t\t\t\t\t\t<span class=\"elementor-icon-list-text\">\u00d8ster All\u00e9 56, 3.<\/span>\n\t\t\t\t\t\t\t\t\t<\/li>\n\t\t\t\t\t\t\t\t<li class=\"elementor-icon-list-item\">\n\t\t\t\t\t\t\t\t\t\t<span class=\"elementor-icon-list-text\">2100 K\u00f8benhavn \u00d8<\/span>\n\t\t\t\t\t\t\t\t\t<\/li>\n\t\t\t\t\t\t\t\t<li class=\"elementor-icon-list-item\">\n\t\t\t\t\t\t\t\t\t\t<span class=\"elementor-icon-list-text\">Danmark<\/span>\n\t\t\t\t\t\t\t\t\t<\/li>\n\t\t\t\t\t\t\t\t<li class=\"elementor-icon-list-item\">\n\t\t\t\t\t\t\t\t\t\t<span class=\"elementor-icon-list-text\">CVR: 36721812<\/span>\n\t\t\t\t\t\t\t\t\t<\/li>\n\t\t\t\t\t\t\t\t<li class=\"elementor-icon-list-item\">\n\t\t\t\t\t\t\t\t\t\t<span class=\"elementor-icon-list-text\">orders@ampmshop.dk<\/span>\n\t\t\t\t\t\t\t\t\t<\/li>\n\t\t\t\t\t\t<\/ul>\n\t\t\t\t\t\t<\/div>\n\t\t\t\t<\/div>\n\t\t\t\t<\/div>\n\t\t<div class=\"elementor-element elementor-element-2e04e4d e-con-full e-flex e-con e-child\" data-id=\"2e04e4d\" data-element_type=\"container\" data-e-type=\"container\">\n\t\t\t\t<\/div>\n\t\t\t\t\t<\/div>\n\t\t\t\t<\/div>\n\t\t\t\t<\/div>\n\t\t","protected":false},"excerpt":{"rendered":"<p>Handelsbetingelser 1. Priser Alle priser er i danske kroner (DKK) inklusiv 25% moms. 2. Betaling Bel\u00f8bet bliver trukket fra din konto f\u00f8r afsendelse af din ordre.&nbsp;F\u00f8lgende betalingsformer kan anvendes: Dankort Visa\/Dankort Visa og Visa Electron MasterCard Maestro Kontakt venligst info@ampmshop.dk for elektronisk faktura. 3. Reklamation Kontakt venligst am.pm. umiddelbart efter modtagelsen, hvis produktet er beskadiget, [&hellip;]<\/p>\n","protected":false},"author":2,"featured_media":0,"parent":0,"menu_order":0,"comment_status":"closed","ping_status":"closed","template":"","meta":{"footnotes":""},"class_list":["post-1878","page","type-page","status-publish","hentry"],"yoast_head":"<!-- This site is optimized with the Yoast SEO plugin v27.5 - https:\/\/yoast.com\/product\/yoast-seo-wordpress\/ -->\n<title>Terms and Conditions at am.pm.<\/title>\n<meta name=\"description\" content=\"Find information about the terms and conditions at am.pm. Read about complaints, cancellation of purchase, refunds, and more.\" \/>\n<meta name=\"robots\" content=\"index, follow, max-snippet:-1, max-image-preview:large, max-video-preview:-1\" \/>\n<link rel=\"canonical\" href=\"https:\/\/ampmshop.dk\/en\/terms-conditions\/\" \/>\n<meta property=\"og:locale\" content=\"en_US\" \/>\n<meta property=\"og:type\" content=\"article\" \/>\n<meta property=\"og:title\" content=\"Terms and Conditions at am.pm.\" \/>\n<meta property=\"og:description\" content=\"Find information about the terms and conditions at am.pm. Read about complaints, cancellation of purchase, refunds, and more.\" \/>\n<meta property=\"og:url\" content=\"https:\/\/ampmshop.dk\/en\/terms-conditions\/\" \/>\n<meta property=\"og:site_name\" content=\"am.pm.\" \/>\n<meta property=\"article:modified_time\" content=\"2025-05-15T19:35:37+00:00\" \/>\n<meta property=\"og:image\" content=\"https:\/\/ampmshop.dk\/wp-content\/uploads\/2020\/05\/ePay-logo.png\" \/>\n<meta name=\"twitter:card\" content=\"summary_large_image\" \/>\n<meta name=\"twitter:label1\" content=\"Est. reading time\" \/>\n\t<meta name=\"twitter:data1\" content=\"2 minutes\" \/>\n<script type=\"application\/ld+json\" class=\"yoast-schema-graph\">{\"@context\":\"https:\\\/\\\/schema.org\",\"@graph\":[{\"@type\":\"WebPage\",\"@id\":\"https:\\\/\\\/ampmshop.dk\\\/en\\\/terms-conditions\\\/\",\"url\":\"https:\\\/\\\/ampmshop.dk\\\/en\\\/terms-conditions\\\/\",\"name\":\"Terms and Conditions at am.pm.\",\"isPartOf\":{\"@id\":\"https:\\\/\\\/ampmshop.dk\\\/#website\"},\"primaryImageOfPage\":{\"@id\":\"https:\\\/\\\/ampmshop.dk\\\/en\\\/terms-conditions\\\/#primaryimage\"},\"image\":{\"@id\":\"https:\\\/\\\/ampmshop.dk\\\/en\\\/terms-conditions\\\/#primaryimage\"},\"thumbnailUrl\":\"https:\\\/\\\/ampmshop.dk\\\/wp-content\\\/uploads\\\/2020\\\/05\\\/ePay-logo.png\",\"datePublished\":\"2020-06-11T08:16:25+00:00\",\"dateModified\":\"2025-05-15T19:35:37+00:00\",\"description\":\"Find information about the terms and conditions at am.pm. Read about complaints, cancellation of purchase, refunds, and more.\",\"breadcrumb\":{\"@id\":\"https:\\\/\\\/ampmshop.dk\\\/en\\\/terms-conditions\\\/#breadcrumb\"},\"inLanguage\":\"en-US\",\"potentialAction\":[{\"@type\":\"ReadAction\",\"target\":[\"https:\\\/\\\/ampmshop.dk\\\/en\\\/terms-conditions\\\/\"]}]},{\"@type\":\"ImageObject\",\"inLanguage\":\"en-US\",\"@id\":\"https:\\\/\\\/ampmshop.dk\\\/en\\\/terms-conditions\\\/#primaryimage\",\"url\":\"https:\\\/\\\/ampmshop.dk\\\/wp-content\\\/uploads\\\/2020\\\/05\\\/ePay-logo.png\",\"contentUrl\":\"https:\\\/\\\/ampmshop.dk\\\/wp-content\\\/uploads\\\/2020\\\/05\\\/ePay-logo.png\"},{\"@type\":\"BreadcrumbList\",\"@id\":\"https:\\\/\\\/ampmshop.dk\\\/en\\\/terms-conditions\\\/#breadcrumb\",\"itemListElement\":[{\"@type\":\"ListItem\",\"position\":1,\"name\":\"Hjem\",\"item\":\"https:\\\/\\\/ampmshop.dk\\\/en\\\/\"},{\"@type\":\"ListItem\",\"position\":2,\"name\":\"Terms &amp; Conditions\"}]},{\"@type\":\"WebSite\",\"@id\":\"https:\\\/\\\/ampmshop.dk\\\/#website\",\"url\":\"https:\\\/\\\/ampmshop.dk\\\/\",\"name\":\"am.pm.\",\"description\":\"N\u00e6ring til din livsstil ... D\u00f8gnet rundt\",\"publisher\":{\"@id\":\"https:\\\/\\\/ampmshop.dk\\\/#organization\"},\"potentialAction\":[{\"@type\":\"SearchAction\",\"target\":{\"@type\":\"EntryPoint\",\"urlTemplate\":\"https:\\\/\\\/ampmshop.dk\\\/?s={search_term_string}\"},\"query-input\":{\"@type\":\"PropertyValueSpecification\",\"valueRequired\":true,\"valueName\":\"search_term_string\"}}],\"inLanguage\":\"en-US\"},{\"@type\":\"Organization\",\"@id\":\"https:\\\/\\\/ampmshop.dk\\\/#organization\",\"name\":\"am.pm.\",\"url\":\"https:\\\/\\\/ampmshop.dk\\\/\",\"logo\":{\"@type\":\"ImageObject\",\"inLanguage\":\"en-US\",\"@id\":\"https:\\\/\\\/ampmshop.dk\\\/#\\\/schema\\\/logo\\\/image\\\/\",\"url\":\"https:\\\/\\\/ampmshop.dk\\\/wp-content\\\/uploads\\\/2022\\\/05\\\/am.pm_.logo_really-dark-grey.png\",\"contentUrl\":\"https:\\\/\\\/ampmshop.dk\\\/wp-content\\\/uploads\\\/2022\\\/05\\\/am.pm_.logo_really-dark-grey.png\",\"width\":354,\"height\":353,\"caption\":\"am.pm.\"},\"image\":{\"@id\":\"https:\\\/\\\/ampmshop.dk\\\/#\\\/schema\\\/logo\\\/image\\\/\"}}]}<\/script>\n<!-- \/ Yoast SEO plugin. -->","yoast_head_json":{"title":"Terms and Conditions at am.pm.","description":"Find information about the terms and conditions at am.pm. Read about complaints, cancellation of purchase, refunds, and more.","robots":{"index":"index","follow":"follow","max-snippet":"max-snippet:-1","max-image-preview":"max-image-preview:large","max-video-preview":"max-video-preview:-1"},"canonical":"https:\/\/ampmshop.dk\/en\/terms-conditions\/","og_locale":"en_US","og_type":"article","og_title":"Terms and Conditions at am.pm.","og_description":"Find information about the terms and conditions at am.pm. Read about complaints, cancellation of purchase, refunds, and more.","og_url":"https:\/\/ampmshop.dk\/en\/terms-conditions\/","og_site_name":"am.pm.","article_modified_time":"2025-05-15T19:35:37+00:00","og_image":[{"url":"https:\/\/ampmshop.dk\/wp-content\/uploads\/2020\/05\/ePay-logo.png","type":"","width":"","height":""}],"twitter_card":"summary_large_image","twitter_misc":{"Est. reading time":"2 minutes"},"schema":{"@context":"https:\/\/schema.org","@graph":[{"@type":"WebPage","@id":"https:\/\/ampmshop.dk\/en\/terms-conditions\/","url":"https:\/\/ampmshop.dk\/en\/terms-conditions\/","name":"Terms and Conditions at am.pm.","isPartOf":{"@id":"https:\/\/ampmshop.dk\/#website"},"primaryImageOfPage":{"@id":"https:\/\/ampmshop.dk\/en\/terms-conditions\/#primaryimage"},"image":{"@id":"https:\/\/ampmshop.dk\/en\/terms-conditions\/#primaryimage"},"thumbnailUrl":"https:\/\/ampmshop.dk\/wp-content\/uploads\/2020\/05\/ePay-logo.png","datePublished":"2020-06-11T08:16:25+00:00","dateModified":"2025-05-15T19:35:37+00:00","description":"Find information about the terms and conditions at am.pm. Read about complaints, cancellation of purchase, refunds, and more.","breadcrumb":{"@id":"https:\/\/ampmshop.dk\/en\/terms-conditions\/#breadcrumb"},"inLanguage":"en-US","potentialAction":[{"@type":"ReadAction","target":["https:\/\/ampmshop.dk\/en\/terms-conditions\/"]}]},{"@type":"ImageObject","inLanguage":"en-US","@id":"https:\/\/ampmshop.dk\/en\/terms-conditions\/#primaryimage","url":"https:\/\/ampmshop.dk\/wp-content\/uploads\/2020\/05\/ePay-logo.png","contentUrl":"https:\/\/ampmshop.dk\/wp-content\/uploads\/2020\/05\/ePay-logo.png"},{"@type":"BreadcrumbList","@id":"https:\/\/ampmshop.dk\/en\/terms-conditions\/#breadcrumb","itemListElement":[{"@type":"ListItem","position":1,"name":"Hjem","item":"https:\/\/ampmshop.dk\/en\/"},{"@type":"ListItem","position":2,"name":"Terms &amp; Conditions"}]},{"@type":"WebSite","@id":"https:\/\/ampmshop.dk\/#website","url":"https:\/\/ampmshop.dk\/","name":"am.pm.","description":"N\u00e6ring til din livsstil ... D\u00f8gnet rundt","publisher":{"@id":"https:\/\/ampmshop.dk\/#organization"},"potentialAction":[{"@type":"SearchAction","target":{"@type":"EntryPoint","urlTemplate":"https:\/\/ampmshop.dk\/?s={search_term_string}"},"query-input":{"@type":"PropertyValueSpecification","valueRequired":true,"valueName":"search_term_string"}}],"inLanguage":"en-US"},{"@type":"Organization","@id":"https:\/\/ampmshop.dk\/#organization","name":"am.pm.","url":"https:\/\/ampmshop.dk\/","logo":{"@type":"ImageObject","inLanguage":"en-US","@id":"https:\/\/ampmshop.dk\/#\/schema\/logo\/image\/","url":"https:\/\/ampmshop.dk\/wp-content\/uploads\/2022\/05\/am.pm_.logo_really-dark-grey.png","contentUrl":"https:\/\/ampmshop.dk\/wp-content\/uploads\/2022\/05\/am.pm_.logo_really-dark-grey.png","width":354,"height":353,"caption":"am.pm."},"image":{"@id":"https:\/\/ampmshop.dk\/#\/schema\/logo\/image\/"}}]}},"acf":[],"_links":{"self":[{"href":"https:\/\/ampmshop.dk\/en\/wp-json\/wp\/v2\/pages\/1878","targetHints":{"allow":["GET"]}}],"collection":[{"href":"https:\/\/ampmshop.dk\/en\/wp-json\/wp\/v2\/pages"}],"about":[{"href":"https:\/\/ampmshop.dk\/en\/wp-json\/wp\/v2\/types\/page"}],"author":[{"embeddable":true,"href":"https:\/\/ampmshop.dk\/en\/wp-json\/wp\/v2\/users\/2"}],"replies":[{"embeddable":true,"href":"https:\/\/ampmshop.dk\/en\/wp-json\/wp\/v2\/comments?post=1878"}],"version-history":[{"count":3,"href":"https:\/\/ampmshop.dk\/en\/wp-json\/wp\/v2\/pages\/1878\/revisions"}],"predecessor-version":[{"id":284624,"href":"https:\/\/ampmshop.dk\/en\/wp-json\/wp\/v2\/pages\/1878\/revisions\/284624"}],"wp:attachment":[{"href":"https:\/\/ampmshop.dk\/en\/wp-json\/wp\/v2\/media?parent=1878"}],"curies":[{"name":"wp","href":"https:\/\/api.w.org\/{rel}","templated":true}]}}